{"id":1790,"date":"2025-01-13T17:55:04","date_gmt":"2025-01-13T17:55:04","guid":{"rendered":"https:\/\/lalomaqualitycoffee.com\/?page_id=1790"},"modified":"2025-03-08T15:09:09","modified_gmt":"2025-03-08T15:09:09","slug":"the-history","status":"publish","type":"page","link":"https:\/\/lalomaqualitycoffee.com\/es\/the-history\/","title":{"rendered":"Historia"},"content":{"rendered":"<div data-elementor-type=\"wp-page\" data-elementor-id=\"1790\" class=\"elementor elementor-1790\">\n\t\t\t\t\t\t<section class=\"elementor-section elementor-top-section elementor-element elementor-element-bc391c6 elementor-section-content-middle elementor-section-boxed elementor-section-height-default elementor-section-height-default\" data-id=\"bc391c6\" data-element_type=\"section\" data-e-type=\"section\" data-settings=\"{&quot;background_background&quot;:&quot;classic&quot;}\">\n\t\t\t\t\t\t\t<div class=\"elementor-background-overlay\"><\/div>\n\t\t\t\t\t\t\t<div class=\"elementor-container elementor-column-gap-no\">\n\t\t\t\t\t<div class=\"elementor-column elementor-col-33 elementor-top-column elementor-element elementor-element-aa2211c\" data-id=\"aa2211c\" data-element_type=\"column\" data-e-type=\"column\">\n\t\t\t<div class=\"elementor-widget-wrap elementor-element-populated\">\n\t\t\t\t\t\t<div class=\"elementor-element elementor-element-5d44ae9 elementor-widget elementor-widget-heading\" data-id=\"5d44ae9\" data-element_type=\"widget\" data-e-type=\"widget\" data-widget_type=\"heading.default\">\n\t\t\t\t<div class=\"elementor-widget-container\">\n\t\t\t\t\t<h2 class=\"elementor-heading-title elementor-size-default\">Descubre la Magia del Caf\u00e9 de Berl\u00edn<\/h2>\t\t\t\t<\/div>\n\t\t\t\t<\/div>\n\t\t\t\t<div class=\"elementor-element elementor-element-886df6f elementor-widget elementor-widget-text-editor\" data-id=\"886df6f\" data-element_type=\"widget\" data-e-type=\"widget\" data-widget_type=\"text-editor.default\">\n\t\t\t\t<div class=\"elementor-widget-container\">\n\t\t\t\t\t\t\t\t\t<p data-start=\"43\" data-end=\"176\">En el coraz\u00f3n de las monta\u00f1as de Usulut\u00e1n, donde los paisajes exuberantes se encuentran con la brisa fresca, se encuentra Berl\u00edn, un peque\u00f1o pueblo con una rica historia.<\/p><p data-start=\"178\" data-end=\"414\">Ubicado a 1,200 metros sobre el nivel del mar, Berl\u00edn ha sido un para\u00edso para el cultivo de caf\u00e9 durante generaciones. Aqu\u00ed, entre colinas y valles, se despliega una historia de trabajo arduo, visi\u00f3n y perseverancia, que da vida a un caf\u00e9 excepcional.<\/p><h4 data-start=\"416\" data-end=\"456\">Un Legado de Pasi\u00f3n y Dedicaci\u00f3n<\/h4><p data-start=\"458\" data-end=\"747\">Todo comenz\u00f3 a principios del siglo XX, cuando tres valientes hermanas llegaron a Berl\u00edn. En una \u00e9poca dominada por hombres, estas mujeres emprendedoras forjaron su propio camino en los negocios, vendiendo productos esenciales y, finalmente, adquiriendo una peque\u00f1a finca. Esta finca ser\u00eda la que marcar\u00eda el destino de su familia.<\/p><p data-start=\"749\" data-end=\"1001\">Sus hijas heredaron no solo el negocio, sino tambi\u00e9n un profundo amor por la tierra. La mayor manejaba la tienda familiar, mientras que sus hermanas cultivaban caf\u00e9, fortaleciendo su conexi\u00f3n con la agricultura y sentando las bases de un legado duradero.<\/p>\t\t\t\t\t\t\t\t<\/div>\n\t\t\t\t<\/div>\n\t\t\t\t<div class=\"elementor-element elementor-element-7d49a93 elementor-widget elementor-widget-image\" data-id=\"7d49a93\" data-element_type=\"widget\" data-e-type=\"widget\" data-widget_type=\"image.default\">\n\t\t\t\t<div class=\"elementor-widget-container\">\n\t\t\t\t\t\t\t\t\t\t\t\t<figure class=\"wp-caption\">\n\t\t\t\t\t\t\t\t\t\t<img fetchpriority=\"high\" decoding=\"async\" width=\"1024\" height=\"707\" src=\"https:\/\/lalomaqualitycoffee.com\/wp-content\/uploads\/2025\/03\/08-30-2020-13.09.22-1024x707.jpg\" class=\"attachment-large size-large wp-image-2175\" alt=\"\" srcset=\"https:\/\/lalomaqualitycoffee.com\/wp-content\/uploads\/2025\/03\/08-30-2020-13.09.22-1024x707.jpg 1024w, https:\/\/lalomaqualitycoffee.com\/wp-content\/uploads\/2025\/03\/08-30-2020-13.09.22-300x207.jpg 300w, https:\/\/lalomaqualitycoffee.com\/wp-content\/uploads\/2025\/03\/08-30-2020-13.09.22-768x530.jpg 768w, https:\/\/lalomaqualitycoffee.com\/wp-content\/uploads\/2025\/03\/08-30-2020-13.09.22-1536x1061.jpg 1536w, https:\/\/lalomaqualitycoffee.com\/wp-content\/uploads\/2025\/03\/08-30-2020-13.09.22-18x12.jpg 18w, https:\/\/lalomaqualitycoffee.com\/wp-content\/uploads\/2025\/03\/08-30-2020-13.09.22-600x414.jpg 600w, https:\/\/lalomaqualitycoffee.com\/wp-content\/uploads\/2025\/03\/08-30-2020-13.09.22.jpg 1920w\" sizes=\"(max-width: 1024px) 100vw, 1024px\" \/>\t\t\t\t\t\t\t\t\t\t\t<figcaption class=\"widget-image-caption wp-caption-text\">Do\u00f1a Antonia, the first from the right to the left<\/figcaption>\n\t\t\t\t\t\t\t\t\t\t<\/figure>\n\t\t\t\t\t\t\t\t\t<\/div>\n\t\t\t\t<\/div>\n\t\t\t\t<div class=\"elementor-element elementor-element-bd1b841 elementor-widget elementor-widget-text-editor\" data-id=\"bd1b841\" data-element_type=\"widget\" data-e-type=\"widget\" data-widget_type=\"text-editor.default\">\n\t\t\t\t<div class=\"elementor-widget-container\">\n\t\t\t\t\t\t\t\t\t<h4 data-start=\"1003\" data-end=\"1051\">Crecimiento Visionario y Pr\u00e1cticas Sostenibles<\/h4><p data-start=\"1053\" data-end=\"1278\">La tercera generaci\u00f3n vio a una mujer visionaria y su esposo expandir las tierras de la familia, adquiriendo nuevas fincas y perfeccionando el cultivo de caf\u00e9. Sus m\u00e9todos tradicionales y respetuosos con el medio ambiente aseguraron una calidad excepcional.<\/p>\t\t\t\t\t\t\t\t<\/div>\n\t\t\t\t<\/div>\n\t\t\t\t\t<\/div>\n\t\t<\/div>\n\t\t\t\t<div class=\"elementor-column elementor-col-66 elementor-top-column elementor-element elementor-element-1a77219\" data-id=\"1a77219\" data-element_type=\"column\" data-e-type=\"column\">\n\t\t\t<div class=\"elementor-widget-wrap elementor-element-populated\">\n\t\t\t\t\t\t<div class=\"elementor-element elementor-element-542de1a elementor-widget elementor-widget-image\" data-id=\"542de1a\" data-element_type=\"widget\" data-e-type=\"widget\" data-widget_type=\"image.default\">\n\t\t\t\t<div class=\"elementor-widget-container\">\n\t\t\t\t\t\t\t\t\t\t\t\t\t\t\t<img decoding=\"async\" width=\"334\" height=\"438\" src=\"https:\/\/lalomaqualitycoffee.com\/wp-content\/uploads\/2025\/01\/Captura-de-Pantalla-2025-01-02-a-las-11.12.35.png\" class=\"attachment-large size-large wp-image-1698\" alt=\"\" srcset=\"https:\/\/lalomaqualitycoffee.com\/wp-content\/uploads\/2025\/01\/Captura-de-Pantalla-2025-01-02-a-las-11.12.35.png 334w, https:\/\/lalomaqualitycoffee.com\/wp-content\/uploads\/2025\/01\/Captura-de-Pantalla-2025-01-02-a-las-11.12.35-229x300.png 229w\" sizes=\"(max-width: 334px) 100vw, 334px\" \/>\t\t\t\t\t\t\t\t\t\t\t\t\t\t\t<\/div>\n\t\t\t\t<\/div>\n\t\t\t\t<div class=\"elementor-element elementor-element-762781c elementor-widget elementor-widget-text-editor\" data-id=\"762781c\" data-element_type=\"widget\" data-e-type=\"widget\" data-widget_type=\"text-editor.default\">\n\t\t\t\t<div class=\"elementor-widget-container\">\n\t\t\t\t\t\t\t\t\t<p data-start=\"1280\" data-end=\"1536\">M\u00e1s tarde, el liderazgo pas\u00f3 a la cuarta generaci\u00f3n: un joven con el sue\u00f1o de llevar su caf\u00e9 al mundo. Bajo su direcci\u00f3n, el caf\u00e9 de Berl\u00edn lleg\u00f3 a los mercados nacionales e internacionales, compartiendo los ricos sabores y aromas de El Salvador con el mundo.<\/p><h4 data-start=\"1538\" data-end=\"1564\">M\u00e1s Que una Bebida<\/h4><p data-start=\"1566\" data-end=\"1798\">Hoy en d\u00eda, el caf\u00e9 de Berl\u00edn es m\u00e1s que solo una bebida; es el resultado de d\u00e9cadas de dedicaci\u00f3n y amor por la tierra. Se erige como un testimonio del esp\u00edritu emprendedor de una familia y su compromiso con la calidad y el cuidado del medio ambiente.<\/p><h4 data-start=\"1800\" data-end=\"1842\">Experimenta el Sabor de El Salvador<\/h4><p data-start=\"1844\" data-end=\"2067\">\u00danete a nosotros para celebrar este extraordinario viaje. Saborea los ricos y arom\u00e1ticos sabores del caf\u00e9 de Berl\u00edn y s\u00e9 parte de una historia que abarca generaciones. Cada taza refleja un legado de pasi\u00f3n, tradici\u00f3n e innovaci\u00f3n.<\/p><p data-start=\"2069\" data-end=\"2128\"><strong data-start=\"2069\" data-end=\"2126\">Descubre el Caf\u00e9 de Berl\u00edn\u2014donde cada sorbo cuenta una historia.<\/strong><\/p>\t\t\t\t\t\t\t\t<\/div>\n\t\t\t\t<\/div>\n\t\t\t\t<div class=\"elementor-element elementor-element-3935697 elementor-widget elementor-widget-heading\" data-id=\"3935697\" data-element_type=\"widget\" data-e-type=\"widget\" data-widget_type=\"heading.default\">\n\t\t\t\t<div class=\"elementor-widget-container\">\n\t\t\t\t\t<h2 class=\"elementor-heading-title elementor-size-default\">Ready to taste the magic?<\/h2>\t\t\t\t<\/div>\n\t\t\t\t<\/div>\n\t\t\t\t<div class=\"elementor-element elementor-element-491352d elementor-widget elementor-widget-text-editor\" data-id=\"491352d\" data-element_type=\"widget\" data-e-type=\"widget\" data-widget_type=\"text-editor.default\">\n\t\t\t\t<div class=\"elementor-widget-container\">\n\t\t\t\t\t\t\t\t\t<p>Visit our store and bring the essence of El Salvador to your cu<\/p>\t\t\t\t\t\t\t\t<\/div>\n\t\t\t\t<\/div>\n\t\t\t\t\t<\/div>\n\t\t<\/div>\n\t\t\t\t\t<\/div>\n\t\t<\/section>\n\t\t\t\t<\/div>","protected":false},"excerpt":{"rendered":"<p>Discover the Magic of Berlins Coffee In the heart of the Usulut\u00e1n mountains, where lush landscapes meet the fresh breeze, lies Berlin, a small town with a rich history. Located at 1,200 meters above sea level, Berlin has been a paradise for coffee cultivation for generations. Here, among hills and valleys, a story of hard [&hellip;]<\/p>\n","protected":false},"author":1,"featured_media":0,"parent":0,"menu_order":0,"comment_status":"closed","ping_status":"closed","template":"elementor_header_footer","meta":{"site-sidebar-layout":"no-sidebar","site-content-layout":"page-builder","ast-site-content-layout":"full-width-container","site-content-style":"default","site-sidebar-style":"default","ast-global-header-display":"","ast-banner-title-visibility":"","ast-main-header-display":"","ast-hfb-above-header-display":"","ast-hfb-below-header-display":"","ast-hfb-mobile-header-display":"","site-post-title":"disabled","ast-breadcrumbs-content":"","ast-featured-img":"disabled","footer-sml-layout":"","theme-transparent-header-meta":"","adv-header-id-meta":"","stick-header-meta":"","header-above-stick-meta":"","header-main-stick-meta":"","header-below-stick-meta":"","astra-migrate-meta-layouts":"set","ast-page-background-enabled":"default","ast-page-background-meta":{"desktop":{"background-color":"","background-image":"","background-repeat":"repeat","background-position":"center center","background-size":"auto","background-attachment":"scroll","background-type":"","background-media":"","overlay-type":"","overlay-color":"","overlay-opacity":"","overlay-gradient":""},"tablet":{"background-color":"","background-image":"","background-repeat":"repeat","background-position":"center center","background-size":"auto","background-attachment":"scroll","background-type":"","background-media":"","overlay-type":"","overlay-color":"","overlay-opacity":"","overlay-gradient":""},"mobile":{"background-color":"","background-image":"","background-repeat":"repeat","background-position":"center center","background-size":"auto","background-attachment":"scroll","background-type":"","background-media":"","overlay-type":"","overlay-color":"","overlay-opacity":"","overlay-gradient":""}},"ast-content-background-meta":{"desktop":{"background-color":"var(--ast-global-color-5)","background-image":"","background-repeat":"repeat","background-position":"center center","background-size":"auto","background-attachment":"scroll","background-type":"","background-media":"","overlay-type":"","overlay-color":"","overlay-opacity":"","overlay-gradient":""},"tablet":{"background-color":"var(--ast-global-color-5)","background-image":"","background-repeat":"repeat","background-position":"center center","background-size":"auto","background-attachment":"scroll","background-type":"","background-media":"","overlay-type":"","overlay-color":"","overlay-opacity":"","overlay-gradient":""},"mobile":{"background-color":"var(--ast-global-color-5)","background-image":"","background-repeat":"repeat","background-position":"center center","background-size":"auto","background-attachment":"scroll","background-type":"","background-media":"","overlay-type":"","overlay-color":"","overlay-opacity":"","overlay-gradient":""}},"footnotes":""},"class_list":["post-1790","page","type-page","status-publish","hentry"],"jetpack_sharing_enabled":true,"_links":{"self":[{"href":"https:\/\/lalomaqualitycoffee.com\/es\/wp-json\/wp\/v2\/pages\/1790","targetHints":{"allow":["GET"]}}],"collection":[{"href":"https:\/\/lalomaqualitycoffee.com\/es\/wp-json\/wp\/v2\/pages"}],"about":[{"href":"https:\/\/lalomaqualitycoffee.com\/es\/wp-json\/wp\/v2\/types\/page"}],"author":[{"embeddable":true,"href":"https:\/\/lalomaqualitycoffee.com\/es\/wp-json\/wp\/v2\/users\/1"}],"replies":[{"embeddable":true,"href":"https:\/\/lalomaqualitycoffee.com\/es\/wp-json\/wp\/v2\/comments?post=1790"}],"version-history":[{"count":53,"href":"https:\/\/lalomaqualitycoffee.com\/es\/wp-json\/wp\/v2\/pages\/1790\/revisions"}],"predecessor-version":[{"id":2181,"href":"https:\/\/lalomaqualitycoffee.com\/es\/wp-json\/wp\/v2\/pages\/1790\/revisions\/2181"}],"wp:attachment":[{"href":"https:\/\/lalomaqualitycoffee.com\/es\/wp-json\/wp\/v2\/media?parent=1790"}],"curies":[{"name":"wp","href":"https:\/\/api.w.org\/{rel}","templated":true}]}}